{"id":1234,"date":"2023-11-22T16:49:54","date_gmt":"2023-11-22T15:49:54","guid":{"rendered":"https:\/\/bouchetphoto.com\/WP\/?page_id=1234"},"modified":"2025-04-05T09:59:51","modified_gmt":"2025-04-05T07:59:51","slug":"famille-bouchet","status":"publish","type":"page","link":"https:\/\/bouchetphoto.com\/WP\/famille-bouchet\/","title":{"rendered":"Famille Bouchet"},"content":{"rendered":"\n<div style=\"height:18px\" aria-hidden=\"true\" class=\"wp-block-spacer\"><\/div>\n\n\n\n<p class=\"has-medium-font-size wp-block-paragraph\">Bonjour \u00e0 toutes et \u00e0 tous !<br>Ci-dessous quelques souvenirs du temps pass\u00e9&#8230;<\/p>\n\n\n\n<div style=\"height:93px\" aria-hidden=\"true\" class=\"wp-block-spacer\"><\/div>\n\n\n<section class=\"wp-block-ub-post-grid ub-block-post-grid align  is-equal-height preserve-post-image-aspect-ratio\" style=\"\" id=\"ub-post-grid-\"><div class=\"ub-post-grid-items is-grid columns-2\" style=\"row-gap: 60px; column-gap: 32px; \"><article id=\"post-2588\" class=\"ub-post-grid-item post-2588 post type-post status-publish format-standard has-post-thumbnail hentry category-famille\" style=\"\"><div class=\"ub-block-post-grid-image\" style=\"\"><a href=\"https:\/\/bouchetphoto.com\/WP\/cartes-postales-de-tourouvre\/\" rel=\"bookmark\" aria-hidden=\"true\" tabindex=\"-1\"><img loading=\"lazy\" decoding=\"async\" width=\"449\" height=\"300\" src=\"https:\/\/bouchetphoto.com\/WP\/wp-content\/uploads\/2024\/11\/id_Tourouvre_CP.jpg\" class=\"attachment-600x0 size-600x0\" alt=\"\" srcset=\"https:\/\/bouchetphoto.com\/WP\/wp-content\/uploads\/2024\/11\/id_Tourouvre_CP.jpg 449w, https:\/\/bouchetphoto.com\/WP\/wp-content\/uploads\/2024\/11\/id_Tourouvre_CP-300x200.jpg 300w\" sizes=\"auto, (max-width: 449px) 100vw, 449px\" \/><\/a><\/div><div class=\"ub-block-post-grid-text\" style=\"\"><header class=\"ub-block-post-grid-header\"><h3 class=\"ub-block-post-grid-title\"><a style=\"\" href=\"https:\/\/bouchetphoto.com\/WP\/cartes-postales-de-tourouvre\/\" rel=\"bookmark\">Cartes postales de Tourouvre<\/a><\/h3><\/header><div class=\"ub-block-post-grid-excerpt\"><p><a class=\"ub-block-post-grid-more-link ub-text-link\" style=\"--ub-post-grid-link-color: #abb8c3; \"  href=\"https:\/\/bouchetphoto.com\/WP\/cartes-postales-de-tourouvre\/\" rel=\"bookmark\">voir l&#039;article&#8230; <span class=\"screen-reader-text\">Cartes postales de Tourouvre<\/span><\/a><\/p><\/div><\/div><\/article>\n<article id=\"post-798\" class=\"ub-post-grid-item post-798 post type-post status-publish format-standard has-post-thumbnail hentry category-famille\" style=\"\"><div class=\"ub-block-post-grid-image\" style=\"\"><a href=\"https:\/\/bouchetphoto.com\/WP\/tourouvre\/\" rel=\"bookmark\" aria-hidden=\"true\" tabindex=\"-1\"><img loading=\"lazy\" decoding=\"async\" width=\"480\" height=\"300\" src=\"https:\/\/bouchetphoto.com\/WP\/wp-content\/uploads\/2024\/11\/id_Tourouvre.jpg\" class=\"attachment-600x0 size-600x0\" alt=\"\" srcset=\"https:\/\/bouchetphoto.com\/WP\/wp-content\/uploads\/2024\/11\/id_Tourouvre.jpg 480w, https:\/\/bouchetphoto.com\/WP\/wp-content\/uploads\/2024\/11\/id_Tourouvre-300x188.jpg 300w\" sizes=\"auto, (max-width: 480px) 100vw, 480px\" \/><\/a><\/div><div class=\"ub-block-post-grid-text\" style=\"\"><header class=\"ub-block-post-grid-header\"><h3 class=\"ub-block-post-grid-title\"><a style=\"\" href=\"https:\/\/bouchetphoto.com\/WP\/tourouvre\/\" rel=\"bookmark\">Souvenir de Tourouvre<\/a><\/h3><\/header><div class=\"ub-block-post-grid-excerpt\"><p><a class=\"ub-block-post-grid-more-link ub-text-link\" style=\"--ub-post-grid-link-color: #abb8c3; \"  href=\"https:\/\/bouchetphoto.com\/WP\/tourouvre\/\" rel=\"bookmark\">voir l&#039;article&#8230; <span class=\"screen-reader-text\">Souvenir de Tourouvre<\/span><\/a><\/p><\/div><\/div><\/article>\n<article id=\"post-948\" class=\"ub-post-grid-item post-948 post type-post status-publish format-standard has-post-thumbnail hentry category-famille\" style=\"\"><div class=\"ub-block-post-grid-image\" style=\"\"><a href=\"https:\/\/bouchetphoto.com\/WP\/givet\/\" rel=\"bookmark\" aria-hidden=\"true\" tabindex=\"-1\"><img loading=\"lazy\" decoding=\"async\" width=\"471\" height=\"300\" src=\"https:\/\/bouchetphoto.com\/WP\/wp-content\/uploads\/2024\/11\/id_Givet-1.jpg\" class=\"attachment-600x0 size-600x0\" alt=\"\" srcset=\"https:\/\/bouchetphoto.com\/WP\/wp-content\/uploads\/2024\/11\/id_Givet-1.jpg 471w, https:\/\/bouchetphoto.com\/WP\/wp-content\/uploads\/2024\/11\/id_Givet-1-300x191.jpg 300w\" sizes=\"auto, (max-width: 471px) 100vw, 471px\" \/><\/a><\/div><div class=\"ub-block-post-grid-text\" style=\"\"><header class=\"ub-block-post-grid-header\"><h3 class=\"ub-block-post-grid-title\"><a style=\"\" href=\"https:\/\/bouchetphoto.com\/WP\/givet\/\" rel=\"bookmark\">Givet<\/a><\/h3><\/header><div class=\"ub-block-post-grid-excerpt\"><div class=\"ub-block-post-grid-excerpt-text\" style=\"\"><p>OLYMPUS DIGITAL CAMERA<\/p>\n<\/div><p><a class=\"ub-block-post-grid-more-link ub-text-link\" style=\"--ub-post-grid-link-color: #abb8c3; \"  href=\"https:\/\/bouchetphoto.com\/WP\/givet\/\" rel=\"bookmark\">voir l&#039;article&#8230; <span class=\"screen-reader-text\">Givet<\/span><\/a><\/p><\/div><\/div><\/article>\n<article id=\"post-1134\" class=\"ub-post-grid-item post-1134 post type-post status-publish format-standard has-post-thumbnail hentry category-famille\" style=\"\"><div class=\"ub-block-post-grid-image\" style=\"\"><a href=\"https:\/\/bouchetphoto.com\/WP\/agimont\/\" rel=\"bookmark\" aria-hidden=\"true\" tabindex=\"-1\"><img loading=\"lazy\" decoding=\"async\" width=\"600\" height=\"416\" src=\"https:\/\/bouchetphoto.com\/WP\/wp-content\/uploads\/2024\/10\/Agimont_Le-Manoir_1965_1_TT_small-768x533.jpg\" class=\"attachment-600x0 size-600x0\" alt=\"\" srcset=\"https:\/\/bouchetphoto.com\/WP\/wp-content\/uploads\/2024\/10\/Agimont_Le-Manoir_1965_1_TT_small-768x533.jpg 768w, https:\/\/bouchetphoto.com\/WP\/wp-content\/uploads\/2024\/10\/Agimont_Le-Manoir_1965_1_TT_small-300x208.jpg 300w, https:\/\/bouchetphoto.com\/WP\/wp-content\/uploads\/2024\/10\/Agimont_Le-Manoir_1965_1_TT_small-1024x711.jpg 1024w, https:\/\/bouchetphoto.com\/WP\/wp-content\/uploads\/2024\/10\/Agimont_Le-Manoir_1965_1_TT_small-1536x1066.jpg 1536w, https:\/\/bouchetphoto.com\/WP\/wp-content\/uploads\/2024\/10\/Agimont_Le-Manoir_1965_1_TT_small.jpg 1920w\" sizes=\"auto, (max-width: 600px) 100vw, 600px\" \/><\/a><\/div><div class=\"ub-block-post-grid-text\" style=\"\"><header class=\"ub-block-post-grid-header\"><h3 class=\"ub-block-post-grid-title\"><a style=\"\" href=\"https:\/\/bouchetphoto.com\/WP\/agimont\/\" rel=\"bookmark\">Agimont 1967<\/a><\/h3><\/header><div class=\"ub-block-post-grid-excerpt\"><p><a class=\"ub-block-post-grid-more-link ub-text-link\" style=\"--ub-post-grid-link-color: #abb8c3; \"  href=\"https:\/\/bouchetphoto.com\/WP\/agimont\/\" rel=\"bookmark\">voir l&#039;article&#8230; <span class=\"screen-reader-text\">Agimont 1967<\/span><\/a><\/p><\/div><\/div><\/article>\n<article id=\"post-1172\" class=\"ub-post-grid-item post-1172 post type-post status-publish format-standard has-post-thumbnail hentry category-famille\" style=\"\"><div class=\"ub-block-post-grid-image\" style=\"\"><a href=\"https:\/\/bouchetphoto.com\/WP\/monthou-sur-cher\/\" rel=\"bookmark\" aria-hidden=\"true\" tabindex=\"-1\"><img loading=\"lazy\" decoding=\"async\" width=\"498\" height=\"300\" src=\"https:\/\/bouchetphoto.com\/WP\/wp-content\/uploads\/2024\/11\/id_Monthou.jpg\" class=\"attachment-600x0 size-600x0\" alt=\"\" srcset=\"https:\/\/bouchetphoto.com\/WP\/wp-content\/uploads\/2024\/11\/id_Monthou.jpg 498w, https:\/\/bouchetphoto.com\/WP\/wp-content\/uploads\/2024\/11\/id_Monthou-300x181.jpg 300w\" sizes=\"auto, (max-width: 498px) 100vw, 498px\" \/><\/a><\/div><div class=\"ub-block-post-grid-text\" style=\"\"><header class=\"ub-block-post-grid-header\"><h3 class=\"ub-block-post-grid-title\"><a style=\"\" href=\"https:\/\/bouchetphoto.com\/WP\/monthou-sur-cher\/\" rel=\"bookmark\">Monthou-sur-Cher<\/a><\/h3><\/header><div class=\"ub-block-post-grid-excerpt\"><p><a class=\"ub-block-post-grid-more-link ub-text-link\" style=\"--ub-post-grid-link-color: #abb8c3; \"  href=\"https:\/\/bouchetphoto.com\/WP\/monthou-sur-cher\/\" rel=\"bookmark\">voir l&#039;article&#8230; <span class=\"screen-reader-text\">Monthou-sur-Cher<\/span><\/a><\/p><\/div><\/div><\/article>\n<article id=\"post-432\" class=\"ub-post-grid-item post-432 post type-post status-publish format-standard has-post-thumbnail hentry category-famille\" style=\"\"><div class=\"ub-block-post-grid-image\" style=\"\"><a href=\"https:\/\/bouchetphoto.com\/WP\/eugene-elmire-valentin\/\" rel=\"bookmark\" aria-hidden=\"true\" tabindex=\"-1\"><img loading=\"lazy\" decoding=\"async\" width=\"511\" height=\"300\" src=\"https:\/\/bouchetphoto.com\/WP\/wp-content\/uploads\/2024\/11\/id_Valentin-Eugene.png\" class=\"attachment-600x0 size-600x0\" alt=\"\" srcset=\"https:\/\/bouchetphoto.com\/WP\/wp-content\/uploads\/2024\/11\/id_Valentin-Eugene.png 511w, https:\/\/bouchetphoto.com\/WP\/wp-content\/uploads\/2024\/11\/id_Valentin-Eugene-300x176.png 300w\" sizes=\"auto, (max-width: 511px) 100vw, 511px\" \/><\/a><\/div><div class=\"ub-block-post-grid-text\" style=\"\"><header class=\"ub-block-post-grid-header\"><h3 class=\"ub-block-post-grid-title\"><a style=\"\" href=\"https:\/\/bouchetphoto.com\/WP\/eugene-elmire-valentin\/\" rel=\"bookmark\">Eug\u00e8ne &#038; Elmire Valentin &#8211; 20 ans \u00e0 Bercy<\/a><\/h3><\/header><div class=\"ub-block-post-grid-excerpt\"><div class=\"ub-block-post-grid-excerpt-text\" style=\"\"><p>Bonjour, mon nom est Eug\u00e8ne Valentin, et je vous invite \u00e0 un petit voyage dans le temps, \u00e0 l&rsquo;\u00e9poque o\u00f9 j&rsquo;\u00e9tais n\u00e9gociant en vins \u00e0 Bercy &#8230; en 1860 ! Je suis n\u00e9 le 11 Mars 1821 \u00e0 Etain dans la Meuse. Mon P\u00e8re Nicolas Valentin est n\u00e9 \u00e0 Gondrecourt-Aix\u2026<\/p>\n<\/div><p><a class=\"ub-block-post-grid-more-link ub-text-link\" style=\"--ub-post-grid-link-color: #abb8c3; \"  href=\"https:\/\/bouchetphoto.com\/WP\/eugene-elmire-valentin\/\" rel=\"bookmark\">voir l&#039;article&#8230; <span class=\"screen-reader-text\">Eug\u00e8ne &#038; Elmire Valentin &#8211; 20 ans \u00e0 Bercy<\/span><\/a><\/p><\/div><\/div><\/article>\n<\/div><\/section>","protected":false},"excerpt":{"rendered":"<p>Bonjour \u00e0 toutes et \u00e0 tous !Ci-dessous quelques souvenirs du temps pass\u00e9&#8230;<\/p>\n","protected":false},"author":1,"featured_media":0,"parent":0,"menu_order":0,"comment_status":"closed","ping_status":"closed","template":"","meta":{"ub_ctt_via":"","_crdt_document":"","footnotes":""},"class_list":["post-1234","page","type-page","status-publish","hentry"],"featured_image_src":null,"_links":{"self":[{"href":"https:\/\/bouchetphoto.com\/WP\/wp-json\/wp\/v2\/pages\/1234","targetHints":{"allow":["GET"]}}],"collection":[{"href":"https:\/\/bouchetphoto.com\/WP\/wp-json\/wp\/v2\/pages"}],"about":[{"href":"https:\/\/bouchetphoto.com\/WP\/wp-json\/wp\/v2\/types\/page"}],"author":[{"embeddable":true,"href":"https:\/\/bouchetphoto.com\/WP\/wp-json\/wp\/v2\/users\/1"}],"replies":[{"embeddable":true,"href":"https:\/\/bouchetphoto.com\/WP\/wp-json\/wp\/v2\/comments?post=1234"}],"version-history":[{"count":49,"href":"https:\/\/bouchetphoto.com\/WP\/wp-json\/wp\/v2\/pages\/1234\/revisions"}],"predecessor-version":[{"id":2725,"href":"https:\/\/bouchetphoto.com\/WP\/wp-json\/wp\/v2\/pages\/1234\/revisions\/2725"}],"wp:attachment":[{"href":"https:\/\/bouchetphoto.com\/WP\/wp-json\/wp\/v2\/media?parent=1234"}],"curies":[{"name":"wp","href":"https:\/\/api.w.org\/{rel}","templated":true}]}}