{"id":9,"date":"2018-09-30T19:24:35","date_gmt":"2018-09-30T17:24:35","guid":{"rendered":"http:\/\/bouchetphoto.com\/WP\/?page_id=9"},"modified":"2024-11-15T17:53:21","modified_gmt":"2024-11-15T16:53:21","slug":"contact","status":"publish","type":"page","link":"https:\/\/bouchetphoto.com\/WP\/","title":{"rendered":""},"content":{"rendered":"\n<div style=\"height:7px\" aria-hidden=\"true\" class=\"wp-block-spacer\"><\/div>\n\n\n\n<p class=\"has-text-align-center has-x-large-font-size wp-block-paragraph\" style=\"font-style:normal;font-weight:100;letter-spacing:12px\">Magic Box<\/p>\n\n\n\n<div style=\"height:14px\" aria-hidden=\"true\" class=\"wp-block-spacer\"><\/div>\n\n\n\n<figure class=\"wp-block-image size-large\"><img loading=\"lazy\" decoding=\"async\" width=\"1024\" height=\"195\" src=\"https:\/\/bouchetphoto.com\/WP\/wp-content\/uploads\/2024\/11\/bouchetphoto_negative-film_2-1024x195.jpg\" alt=\"\" class=\"wp-image-2280\" srcset=\"https:\/\/bouchetphoto.com\/WP\/wp-content\/uploads\/2024\/11\/bouchetphoto_negative-film_2-1024x195.jpg 1024w, https:\/\/bouchetphoto.com\/WP\/wp-content\/uploads\/2024\/11\/bouchetphoto_negative-film_2-300x57.jpg 300w, https:\/\/bouchetphoto.com\/WP\/wp-content\/uploads\/2024\/11\/bouchetphoto_negative-film_2-768x146.jpg 768w, https:\/\/bouchetphoto.com\/WP\/wp-content\/uploads\/2024\/11\/bouchetphoto_negative-film_2.jpg 1300w\" sizes=\"auto, (max-width: 1024px) 100vw, 1024px\" \/><\/figure>\n\n\n\n<div style=\"height:54px\" aria-hidden=\"true\" class=\"wp-block-spacer\"><\/div>\n\n\n\n<div class=\"wp-block-columns is-layout-flex wp-container-core-columns-is-layout-7387b849 wp-block-columns-is-layout-flex\">\n<div class=\"wp-block-column is-layout-flow wp-block-column-is-layout-flow\" style=\"flex-basis:50%\">\n<p class=\"wp-block-paragraph\">Depuis mon enfance,<strong><em> la magie de la Photographie <\/em><\/strong>produit toujours ses effets sur moi . Le dictionnaire dit que \u00ab\u00a0Magie\u00a0\u00bb veux dire surnaturel, voir sorcellerie. Cela fait plus d&rsquo;un demi-si\u00e8cle que je cherche toujours \u00e0 connaitre le \u00ab\u00a0tour du magicien\u00a0\u00bb. J&rsquo;utilise pour cela des boites m\u00e9talliques fabriqu\u00e9es dans <em>l&rsquo;\u00eele du soleil levant<\/em>, avec parfois de la chimie, ou le plus souvent par flemmardise, avec des puces savantes qui sautent r\u00e9guli\u00e8rement sur deux pattes seulement num\u00e9rot\u00e9es 0 et 1, car vous le savez bien, le monde moderne est d\u00e9sormais binaire.<\/p>\n<\/div>\n\n\n\n<div class=\"wp-block-column is-layout-flow wp-block-column-is-layout-flow\" style=\"flex-basis:50%\">\n<p class=\"wp-block-paragraph\">Pour faire joli, au bout de ces boites, je mets de beaux cailloux en verre qui viennent du monde entier (<em>France, Allemagne, USA, Canada<\/em>)<\/p>\n\n\n\n<p class=\"wp-block-paragraph\">Le magicien m&rsquo;a souffl\u00e9 \u00e0 l&rsquo;oreille des nombres d&rsquo;or que j&rsquo;adore, mais qui commencent \u00e0 tomber dans l&rsquo;oubli : <em>\u00ab\u00a024, 36, 6, 7, 9, 4, 5, 8, 10<\/em>\u00ab\u00a0. Heureusement, une petite tribu, dont je fais partie, retranch\u00e9e dans son village gaulois, tente de pr\u00e9server la recette de la \u00ab\u00a0potion magique\u00a0\u00bb&#8230;.<\/p>\n<\/div>\n<\/div>\n\n\n\n<p class=\"wp-block-paragraph\">Bienvenue dans ma \u00ab\u00a0<strong><em>Magic Box<\/em><\/strong>\u00a0\u00bb !<\/p>\n\n\n\n<div style=\"height:20px\" aria-hidden=\"true\" class=\"wp-block-spacer\"><\/div>\n\n\n\n<div class=\"wp-block-media-text is-stacked-on-mobile is-vertically-aligned-center has-black-color has-text-color has-background has-link-color wp-elements-c31787751fda3b490e6babb605b72419\" style=\"background-color:#f1f1f1;grid-template-columns:20% auto\"><figure class=\"wp-block-media-text__media\"><img loading=\"lazy\" decoding=\"async\" width=\"400\" height=\"264\" src=\"https:\/\/bouchetphoto.com\/WP\/wp-content\/uploads\/2024\/11\/DiBo_photographe.jpg\" alt=\"\" class=\"wp-image-2259 size-full\" srcset=\"https:\/\/bouchetphoto.com\/WP\/wp-content\/uploads\/2024\/11\/DiBo_photographe.jpg 400w, https:\/\/bouchetphoto.com\/WP\/wp-content\/uploads\/2024\/11\/DiBo_photographe-300x198.jpg 300w\" sizes=\"auto, (max-width: 400px) 100vw, 400px\" \/><\/figure><div class=\"wp-block-media-text__content\">\n<div style=\"height:16px\" aria-hidden=\"true\" class=\"wp-block-spacer\"><\/div>\n\n\n\n<p class=\"has-text-align-left has-small-font-size wp-block-paragraph\">didierbouchet@gmail.com<\/p>\n\n\n\n<p class=\"has-text-align-left wp-block-paragraph\" style=\"font-size:15px\"><em>Photographie argentique &amp; num\u00e9rique<\/em><\/p>\n<\/div><\/div>\n\n\n\n<div style=\"height:100px\" aria-hidden=\"true\" class=\"wp-block-spacer\"><\/div>\n","protected":false},"excerpt":{"rendered":"<p>Magic Box Depuis mon enfance, la magie de la Photographie produit toujours ses effets sur moi . Le dictionnaire dit que \u00ab\u00a0Magie\u00a0\u00bb veux dire surnaturel, voir sorcellerie. Cela fait plus d&rsquo;un demi-si\u00e8cle que je cherche toujours \u00e0 connaitre le \u00ab\u00a0tour du magicien\u00a0\u00bb. J&rsquo;utilise pour cela des boites m\u00e9talliques fabriqu\u00e9es dans l&rsquo;\u00eele du soleil levant, avec parfois de la chimie, ou le plus souvent par flemmardise, avec des puces savantes qui sautent r\u00e9guli\u00e8rement sur deux pattes seulement num\u00e9rot\u00e9es 0 et 1, car vous le savez bien, le monde moderne est d\u00e9sormais binaire. Pour faire joli, au bout de ces boites, je mets de beaux cailloux en verre qui viennent du monde entier (France, Allemagne, USA, Canada) Le magicien m&rsquo;a souffl\u00e9 \u00e0 l&rsquo;oreille des nombres d&rsquo;or que j&rsquo;adore, mais qui commencent \u00e0 tomber dans l&rsquo;oubli : \u00ab\u00a024, 36, 6, 7, 9, 4, 5, 8, 10\u00ab\u00a0. Heureusement, une petite tribu, dont je fais partie, retranch\u00e9e dans son village gaulois, tente de pr\u00e9server la recette de la \u00ab\u00a0potion magique\u00a0\u00bb&#8230;. Bienvenue dans ma \u00ab\u00a0Magic Box\u00a0\u00bb !<\/p>\n","protected":false},"author":1,"featured_media":0,"parent":0,"menu_order":0,"comment_status":"closed","ping_status":"closed","template":"","meta":{"ub_ctt_via":"","_crdt_document":"","footnotes":""},"class_list":["post-9","page","type-page","status-publish","hentry"],"featured_image_src":null,"_links":{"self":[{"href":"https:\/\/bouchetphoto.com\/WP\/wp-json\/wp\/v2\/pages\/9","targetHints":{"allow":["GET"]}}],"collection":[{"href":"https:\/\/bouchetphoto.com\/WP\/wp-json\/wp\/v2\/pages"}],"about":[{"href":"https:\/\/bouchetphoto.com\/WP\/wp-json\/wp\/v2\/types\/page"}],"author":[{"embeddable":true,"href":"https:\/\/bouchetphoto.com\/WP\/wp-json\/wp\/v2\/users\/1"}],"replies":[{"embeddable":true,"href":"https:\/\/bouchetphoto.com\/WP\/wp-json\/wp\/v2\/comments?post=9"}],"version-history":[{"count":127,"href":"https:\/\/bouchetphoto.com\/WP\/wp-json\/wp\/v2\/pages\/9\/revisions"}],"predecessor-version":[{"id":2293,"href":"https:\/\/bouchetphoto.com\/WP\/wp-json\/wp\/v2\/pages\/9\/revisions\/2293"}],"wp:attachment":[{"href":"https:\/\/bouchetphoto.com\/WP\/wp-json\/wp\/v2\/media?parent=9"}],"curies":[{"name":"wp","href":"https:\/\/api.w.org\/{rel}","templated":true}]}}